{"id":124,"date":"2016-04-05T09:48:38","date_gmt":"2016-04-05T09:48:38","guid":{"rendered":"http:\/\/verdaguerabogados.com\/?page_id=124"},"modified":"2020-04-29T09:29:23","modified_gmt":"2020-04-29T09:29:23","slug":"inmuebles","status":"publish","type":"page","link":"https:\/\/verdaguerabogados.es\/ar\/inmuebles\/","title":{"rendered":"Inmuebles"},"content":{"rendered":"<p>[et_pb_section admin_label=&#8221;section&#8221; transparent_background=&#8221;off&#8221; background_color=&#8221;#f9f9f9&#8243; allow_player_pause=&#8221;off&#8221; inner_shadow=&#8221;off&#8221; parallax=&#8221;off&#8221; parallax_method=&#8221;off&#8221; padding_mobile=&#8221;off&#8221; make_fullwidth=&#8221;off&#8221; use_custom_width=&#8221;off&#8221; width_unit=&#8221;on&#8221; make_equal=&#8221;off&#8221; use_custom_gutter=&#8221;off&#8221; gutter_width=&#8221;3&#8243;][et_pb_row admin_label=&#8221;Fila&#8221;][et_pb_column type=&#8221;1_2&#8243;][et_pb_text admin_label=&#8221;Texto&#8221; background_layout=&#8221;light&#8221; text_orientation=&#8221;left&#8221; text_font_size=&#8221;14&#8243; use_border_color=&#8221;off&#8221; border_color=&#8221;#ffffff&#8221; border_style=&#8221;solid&#8221;]<\/p>\n<h2><strong>\u0627\u0644\u0639\u0642\u0627\u0631\u0627\u062a<\/strong><\/h2>\n<p><a href=\"https:\/\/verdaguerabogados.es\/contactar\/\">\u0627\u0630\u0627 \u0643\u0646\u062a \u0645\u0647\u062a\u0645\u0627 \u0641\u064a \u0627\u0644\u0639\u0642\u0627\u0631\u0627\u062a, \u064a\u0631\u062c\u0649 \u0627\u0644\u062a\u0648\u0627\u0635\u0644<br \/>\ncontactar con este despacho<br \/>\n<\/a><\/p>\n<p><strong>\u0645\u062a\u0648\u0633\u0637 \u0633\u0639\u0631 \u0627\u0644\u0645\u062a\u0631 \u0627\u0644\u0645\u0631\u0628\u0639 \u0641\u064a \u0628\u0631\u0634\u0644\u0648\u0646\u0629<br \/>\n<\/strong><br \/>\nM2\/\u0644\u064a\u0633 \u0643\u0648\u0631\u062a\u0633. \u0645\u062a\u0648\u0633\u0637 \u0633\u0639\u0631 4941 \u064a\u0648\u0631\u0648<br \/>\nM2\/\u0633\u0627\u0631\u064a\u0627 &#8211; \u0633\u0627\u0646\u062a \u063a\u064a\u0631\u0641\u0627\u0633\u064a. \u0645\u062a\u0648\u0633\u0637 \u0633\u0639\u0631 4922 \u064a\u0648\u0631\u0648<br \/>\nM2\/\u0633\u0627\u0646\u062a\u0633 &#8211; \u0645\u0648\u0646\u062a\u062c\u0648\u064a\u0643. \u0645\u062a\u0648\u0633\u0637 \u0633\u0639\u0631 2925 \u064a\u0648\u0631\u0648<br \/>\nM2\/\u0647\u0648\u0631\u062a\u0627 \u063a\u064a\u0646\u0627\u0631\u062f\u0648. \u0645\u062a\u0648\u0633\u0637 \u0633\u0639\u0631 2583 \u064a\u0648\u0631\u0648<br \/>\nM2\/\u0646\u0648 \u0628\u0627\u0631\u064a\u0633. \u0645\u062a\u0648\u0633\u0637 \u0633\u0639\u0631 2019 \u064a\u0648\u0631\u0648<br \/>\nM2\/\u0633\u0627\u0646\u062a \u0623\u0646\u062f\u0631\u0648. \u0645\u062a\u0648\u0633\u0637 \u0633\u0639\u0631 2435 \u064a\u0648\u0631\u0648<br \/>\nM2\/\u0633\u0627\u0646\u062a \u0645\u0627\u0631\u062a\u064a \u0645\u062a\u0648\u0633\u0637 \u0627\u0644\u0633\u0639\u0631 4005 \u064a\u0648\u0631\u0648<br \/>\nM2\/\u0633\u0648\u064a\u062a\u0627\u062a \u0641\u064a\u0644\u0627. \u0645\u062a\u0648\u0633\u0637 \u0633\u0639\u0631 4151 \u064a\u0648\u0631\u0648<br \/>\nM2\/\u0625\u064a\u0643\u0632\u0627\u0645\u0628\u0644. \u0645\u062a\u0648\u0633\u0637 \u0633\u0639\u0631 4408 \u064a\u0648\u0631\u0648<br \/>\nM2\/\u063a\u0631\u0627\u0633\u064a\u0627. \u0645\u062a\u0648\u0633\u0637 \u0633\u0639\u0631 3602 \u064a\u0648\u0631\u0648<\/p>\n<p>[\/et_pb_text][\/et_pb_column][et_pb_column type=&#8221;1_2&#8243;][et_pb_image admin_label=&#8221;Imagen&#8221; src=&#8221;https:\/\/verdaguerabogados.es\/wp-content\/uploads\/2016\/04\/IMG-20160407-WA0002.jpg&#8221; alt=&#8221;Jordi Ser\u00e9s Director del Departamento Inmobiliario M\u00f3vil: 639 70 77 20&#8243; title_text=&#8221;Jordi Ser\u00e9s Director del Departamento Inmobiliario M\u00f3vil: 639 70 77 20&#8243; show_in_lightbox=&#8221;off&#8221; url_new_window=&#8221;off&#8221; animation=&#8221;off&#8221; sticky=&#8221;off&#8221; align=&#8221;left&#8221; max_width=&#8221;200px&#8221; force_fullwidth=&#8221;off&#8221; always_center_on_mobile=&#8221;on&#8221; use_border_color=&#8221;off&#8221; border_color=&#8221;#ffffff&#8221; border_style=&#8221;solid&#8221;] [\/et_pb_image][et_pb_text admin_label=&#8221;Texto&#8221; background_layout=&#8221;light&#8221; text_orientation=&#8221;left&#8221; text_font_size=&#8221;14&#8243; use_border_color=&#8221;off&#8221; border_color=&#8221;#ffffff&#8221; border_style=&#8221;solid&#8221;]<\/p>\n<h6><em>Jordi Ser\u00e9s Director del Departamento Inmobiliario<\/em><\/h6>\n<h6><em>M\u00f3vil: 639 70 77 20<\/em><\/h6>\n<p>[\/et_pb_text][\/et_pb_column][\/et_pb_row][\/et_pb_section][et_pb_section admin_label=&#8221;Secci\u00f3n&#8221; fullwidth=&#8221;on&#8221; specialty=&#8221;off&#8221; transparent_background=&#8221;off&#8221; background_color=&#8221;#38393f&#8221; allow_player_pause=&#8221;off&#8221; inner_shadow=&#8221;off&#8221; parallax=&#8221;off&#8221; parallax_method=&#8221;off&#8221; padding_mobile=&#8221;off&#8221; make_fullwidth=&#8221;off&#8221; use_custom_width=&#8221;off&#8221; width_unit=&#8221;on&#8221; make_equal=&#8221;off&#8221; use_custom_gutter=&#8221;off&#8221; gutter_width=&#8221;3&#8243;][et_pb_fullwidth_header admin_label=&#8221;T\u00edtulo de anchura completa&#8221; background_layout=&#8221;light&#8221; text_orientation=&#8221;left&#8221; header_fullscreen=&#8221;off&#8221; header_scroll_down=&#8221;off&#8221; parallax=&#8221;off&#8221; parallax_method=&#8221;off&#8221; content_orientation=&#8221;center&#8221; image_orientation=&#8221;center&#8221; custom_button_one=&#8221;off&#8221; button_one_text_size=&#8221;20&#8243; button_one_border_width=&#8221;2&#8243; button_one_border_radius=&#8221;3&#8243; button_one_letter_spacing=&#8221;0&#8243; button_one_use_icon=&#8221;default&#8221; button_one_icon_placement=&#8221;right&#8221; button_one_on_hover=&#8221;on&#8221; button_one_border_radius_hover=&#8221;3&#8243; button_one_letter_spacing_hover=&#8221;0&#8243; custom_button_two=&#8221;off&#8221; button_two_text_size=&#8221;20&#8243; button_two_border_width=&#8221;2&#8243; button_two_border_radius=&#8221;3&#8243; button_two_letter_spacing=&#8221;0&#8243; button_two_use_icon=&#8221;default&#8221; button_two_icon_placement=&#8221;right&#8221; button_two_on_hover=&#8221;on&#8221; button_two_border_radius_hover=&#8221;3&#8243; button_two_letter_spacing_hover=&#8221;0&#8243;]<\/p>\n<p style=\"text-align: center;\"><span style=\"color: #ffffff;\">Colaboradores<\/span><\/p>\n<hr \/>\n<p style=\"text-align: center;\"><span style=\"color: #c4c4c4;\"><strong>Barcelona &amp; Costa Brava<\/strong><\/span><\/p>\n<p style=\"text-align: center;\"><span style=\"color: #c4c4c4;\"> <strong> Sotheby&#8217;s<\/strong><\/span><br \/>\n<span style=\"color: #c4c4c4;\"> <strong> International Realty<\/strong><\/span><\/p>\n<p>[\/et_pb_fullwidth_header][\/et_pb_section]<\/p>","protected":false},"excerpt":{"rendered":"<p>[et_pb_section admin_label=&#8221;section&#8221; transparent_background=&#8221;off&#8221; background_color=&#8221;#f9f9f9&#8243; allow_player_pause=&#8221;off&#8221; inner_shadow=&#8221;off&#8221; parallax=&#8221;off&#8221; parallax_method=&#8221;off&#8221; padding_mobile=&#8221;off&#8221; make_fullwidth=&#8221;off&#8221; use_custom_width=&#8221;off&#8221; width_unit=&#8221;on&#8221; make_equal=&#8221;off&#8221; use_custom_gutter=&#8221;off&#8221; gutter_width=&#8221;3&#8243;][et_pb_row admin_label=&#8221;Fila&#8221;][et_pb_column type=&#8221;1_2&#8243;][et_pb_text admin_label=&#8221;Texto&#8221; background_layout=&#8221;light&#8221; text_orientation=&#8221;left&#8221; text_font_size=&#8221;14&#8243; use_border_color=&#8221;off&#8221; border_color=&#8221;#ffffff&#8221; border_style=&#8221;solid&#8221;] \u0627\u0644\u0639\u0642\u0627\u0631\u0627\u062a \u0627\u0630\u0627 \u0643\u0646\u062a \u0645\u0647\u062a\u0645\u0627 \u0641\u064a \u0627\u0644\u0639\u0642\u0627\u0631\u0627\u062a, \u064a\u0631\u062c\u0649 \u0627\u0644\u062a\u0648\u0627\u0635\u0644 contactar con este despacho \u0645\u062a\u0648\u0633\u0637 \u0633\u0639\u0631 \u0627\u0644\u0645\u062a\u0631 \u0627\u0644\u0645\u0631\u0628\u0639 \u0641\u064a \u0628\u0631\u0634\u0644\u0648\u0646\u0629 M2\/\u0644\u064a\u0633 \u0643\u0648\u0631\u062a\u0633. \u0645\u062a\u0648\u0633\u0637 \u0633\u0639\u0631 4941 \u064a\u0648\u0631\u0648 M2\/\u0633\u0627\u0631\u064a\u0627 &#8211; \u0633\u0627\u0646\u062a \u063a\u064a\u0631\u0641\u0627\u0633\u064a. \u0645\u062a\u0648\u0633\u0637 \u0633\u0639\u0631 4922 [&hellip;]<\/p>\n","protected":false},"author":1,"featured_media":0,"parent":0,"menu_order":0,"comment_status":"closed","ping_status":"closed","template":"","meta":[],"_links":{"self":[{"href":"https:\/\/verdaguerabogados.es\/ar\/wp-json\/wp\/v2\/pages\/124"}],"collection":[{"href":"https:\/\/verdaguerabogados.es\/ar\/wp-json\/wp\/v2\/pages"}],"about":[{"href":"https:\/\/verdaguerabogados.es\/ar\/wp-json\/wp\/v2\/types\/page"}],"author":[{"embeddable":true,"href":"https:\/\/verdaguerabogados.es\/ar\/wp-json\/wp\/v2\/users\/1"}],"replies":[{"embeddable":true,"href":"https:\/\/verdaguerabogados.es\/ar\/wp-json\/wp\/v2\/comments?post=124"}],"version-history":[{"count":22,"href":"https:\/\/verdaguerabogados.es\/ar\/wp-json\/wp\/v2\/pages\/124\/revisions"}],"predecessor-version":[{"id":401,"href":"https:\/\/verdaguerabogados.es\/ar\/wp-json\/wp\/v2\/pages\/124\/revisions\/401"}],"wp:attachment":[{"href":"https:\/\/verdaguerabogados.es\/ar\/wp-json\/wp\/v2\/media?parent=124"}],"curies":[{"name":"wp","href":"https:\/\/api.w.org\/{rel}","templated":true}]}}